{"id":1856,"date":"2025-02-15T22:08:50","date_gmt":"2025-02-15T22:08:50","guid":{"rendered":"http:\/\/holochat.eu\/?page_id=1856"},"modified":"2025-02-23T13:38:49","modified_gmt":"2025-02-23T13:38:49","slug":"politica-de-confidentialitate","status":"publish","type":"page","link":"https:\/\/holochat.eu\/en\/politica-de-confidentialitate\/","title":{"rendered":"Privacy Policy"},"content":{"rendered":"\t\t<div data-elementor-type=\"wp-page\" data-elementor-id=\"1856\" class=\"elementor elementor-1856\" data-elementor-post-type=\"page\">\n\t\t\t\t\t\t<section class=\"elementor-section elementor-top-section elementor-element elementor-element-015afc4 elementor-section-boxed elementor-section-height-default elementor-section-height-default\" data-id=\"015afc4\" data-element_type=\"section\" data-settings=\"{&quot;background_background&quot;:&quot;gradient&quot;}\">\n\t\t\t\t\t\t\t<div class=\"elementor-background-overlay\"><\/div>\n\t\t\t\t\t\t\t<div class=\"elementor-container elementor-column-gap-default\">\n\t\t\t\t\t<div class=\"elementor-column elementor-col-100 elementor-top-column elementor-element elementor-element-16bd83d\" data-id=\"16bd83d\" data-element_type=\"column\">\n\t\t\t<div class=\"elementor-widget-wrap elementor-element-populated\">\n\t\t\t\t\t\t<div class=\"elementor-element elementor-element-35666a4 elementor-invisible elementor-widget elementor-widget-heading\" data-id=\"35666a4\" data-element_type=\"widget\" data-settings=\"{&quot;_animation&quot;:&quot;bounceInDown&quot;}\" data-widget_type=\"heading.default\">\n\t\t\t\t<div class=\"elementor-widget-container\">\n\t\t\t<style>\/*! elementor - v3.19.0 - 07-02-2024 *\/\n.elementor-heading-title{padding:0;margin:0;line-height:1}.elementor-widget-heading .elementor-heading-title[class*=elementor-size-]>a{color:inherit;font-size:inherit;line-height:inherit}.elementor-widget-heading .elementor-heading-title.elementor-size-small{font-size:15px}.elementor-widget-heading .elementor-heading-title.elementor-size-medium{font-size:19px}.elementor-widget-heading .elementor-heading-title.elementor-size-large{font-size:29px}.elementor-widget-heading .elementor-heading-title.elementor-size-xl{font-size:39px}.elementor-widget-heading .elementor-heading-title.elementor-size-xxl{font-size:59px}<\/style><h1 class=\"elementor-heading-title elementor-size-default\">Politica de confiden\u021bialitate\n<\/h1>\t\t<\/div>\n\t\t\t\t<\/div>\n\t\t\t\t\t<\/div>\n\t\t<\/div>\n\t\t\t\t\t<\/div>\n\t\t<\/section>\n\t\t\t\t<section class=\"elementor-section elementor-top-section elementor-element elementor-element-ad8bc60 elementor-section-boxed elementor-section-height-default elementor-section-height-default\" data-id=\"ad8bc60\" data-element_type=\"section\">\n\t\t\t\t\t\t<div class=\"elementor-container elementor-column-gap-default\">\n\t\t\t\t\t<div class=\"elementor-column elementor-col-100 elementor-top-column elementor-element elementor-element-7b8d843\" data-id=\"7b8d843\" data-element_type=\"column\" data-settings=\"{&quot;background_background&quot;:&quot;classic&quot;,&quot;animation&quot;:&quot;none&quot;}\">\n\t\t\t<div class=\"elementor-widget-wrap elementor-element-populated\">\n\t\t\t\t\t<div class=\"elementor-background-overlay\"><\/div>\n\t\t\t\t\t\t<div class=\"elementor-element elementor-element-6d334d7 elementor-widget elementor-widget-text-editor\" data-id=\"6d334d7\" data-element_type=\"widget\" data-widget_type=\"text-editor.default\">\n\t\t\t\t<div class=\"elementor-widget-container\">\n\t\t\t<style>\/*! elementor - v3.19.0 - 07-02-2024 *\/\n.elementor-widget-text-editor.elementor-drop-cap-view-stacked .elementor-drop-cap{background-color:#69727d;color:#fff}.elementor-widget-text-editor.elementor-drop-cap-view-framed .elementor-drop-cap{color:#69727d;border:3px solid;background-color:transparent}.elementor-widget-text-editor:not(.elementor-drop-cap-view-default) .elementor-drop-cap{margin-top:8px}.elementor-widget-text-editor:not(.elementor-drop-cap-view-default) .elementor-drop-cap-letter{width:1em;height:1em}.elementor-widget-text-editor .elementor-drop-cap{float:left;text-align:center;line-height:1;font-size:50px}.elementor-widget-text-editor .elementor-drop-cap-letter{display:inline-block}<\/style>\t\t\t\t<p><strong><em>NOTIFICARE PRIVIND PRELUCRAREA DATELOR CU CARACTER PERSONAL<\/em><\/strong><\/p><p>\u00a0<\/p><p><strong>Despre aceast\u0103 notificare privind confiden\u0163ialitatea<\/strong><br \/>Prezenta Notificare despre confiden\u0163ialitate se va aplica din data de 25 mai 2018, c\u00e2nd Regulamentul general privind protec\u0163ia datelor (\u201eRGPD\u201d), destinat unific\u0103rii \u015fi consolid\u0103rii protec\u0163iei datelor \u00een \u00eentreaga Uniune European\u0103, va intra \u00een vigoare. \u00cen prezent, HoloChat se preg\u0103te\u015fte pentru RGPD prin revizuirea \u015fi adaptarea, acolo unde este cazul, a proceselor sale opera\u0163ionale \u015fi a politicilor de m\u0103suri privind securitatea datelor dintr-o perspectiv\u0103 RGPD, precum \u015fi prin adoptarea unor proceduri adecvate pentru a permite persoanelor vizate s\u0103-\u015fi exercite noile drepturi conform RGPD.<\/p><p>HoloChat este unul dintre cei mai importan\u0163i furnizori de sisteme software pentru business din Europa Central\u0103, iar activit\u0103\u0163ile noastre sunt orientate, \u00een principal, spre companii, organiza\u0163ii \u015fi profesioni\u015fti. Nu \u00eencerc\u0103m cu bun\u0103 \u015ftiin\u0163\u0103 s\u0103 solicit\u0103m sau s\u0103 primim informa\u0163ii de la sau despre copii.<\/p><p>Din perspectiva reglement\u0103rilor privind protec\u0163ia datelor, HoloChat este \u201eoperatorul de date\u201d Identitatea \u015fi detaliile noastre de contact sunt:<\/p><p><strong>Operator date:<\/strong> HoloChat S.R.L.<br \/><strong>Site web:<\/strong>\u00a0<a href=\"http:\/\/www.holochat.eu\/\">www.holochat.eu<\/a><\/p><p>Aceast\u0103 Notificare a fost preg\u0103tit\u0103 pentru a informa persoanele (\u201ePersoanele vizate\u201d) despre datele cu caracter personal colectate de c\u0103tre HoloChat \u00een decursul activit\u0103\u0163ii sale, motivul prelucr\u0103rii \u015fi felul \u00een care sunt utilizate astfel de date.<\/p><p>Ne rezerv\u0103m dreptul de a actualiza \u015fi modifica aceast\u0103 Notificare privind confiden\u0163ialitatea, precum \u015fi Politica noastr\u0103 privind Protec\u0163ia datelor cu caracter personal la anumite intervale de timp. V\u0103 vom \u00een\u015ftiin\u0163a despre orice modific\u0103ri aduse prezentei Notific\u0103ri privind confiden\u0163ialitatea sau Politicii privind Protec\u0163ia datelor cu caracter personal prin anun\u0163uri pe site-ul nostru web sau prin alte mijloace adecvate.<\/p><p>\u00a0<\/p><p><strong>Responsabil cu protec\u0163ia datelor<\/strong><br \/>HoloChat are un responsabil intern cu protec\u0163ia datelor (RPD) pe care \u00eel pute\u0163i contacta dac\u0103 ave\u0163i \u00eentreb\u0103ri sau \u00eengrijor\u0103ri \u00een leg\u0103tur\u0103 cu politicile sau practicile HoloChat privind datele cu caracter personal. Pute\u0163i contacta RPD HoloChat prin e-mail, la adresa <a href=\"mailto:hello@holochat.eu\">hello@holochat.eu<\/a>.<\/p><p>\u00a0<\/p><p><strong>Cum colect\u0103m Datele cu caracter personal?<\/strong><br \/>\u00cen principal colect\u0103m datele cu caracter personal pe care ni le oferi\u0163i direct, prin completarea formularului prin care vi se solicit\u0103 informa\u0163ii \u00een leg\u0103tur\u0103 cu produsele noastre, pe site-urile\u00a0<a href=\"http:\/\/www.holochat.eu\/\">www.holochat.eu<\/a>\u00a0sau \u00een timp ce ne vizita\u0163i ori v\u0103 \u00eent\u00e2lni\u0163i cu reprezentan\u0163ii no\u015ftri. Informa\u0163ii suplimentare sunt colectate \u00een cadrul interviurilor telefonice conduse de departamentul nostru de marketing.<\/p><p>Colect\u0103m, de asemenea, date cu caracter personal de la dvs. sau de la organiza\u0163ia dvs. \u00een timpul execut\u0103rii contractelor.<\/p><p>Procesul nostru de colectare a datelor cu caracter personal poate avea loc prin: i) site-ul web, aplica\u0163ii mobile, e-mail, suporturi digitale sau software apar\u0163in\u00e2nd ter\u0163ilor, inclusiv portalurile de recrutare; ii) contracte, aplica\u0163ii, formulare, call center, asisten\u0163\u0103 tehnic\u0103 la distan\u0163\u0103, unit\u0103\u0163i de v\u00e2nz\u0103ri \u015fi marketing, cookie-uri de pe site-uri web, c\u0103r\u0163i de vizit\u0103, telefon etc.; sau iii) interviuri fa\u0163\u0103 \u00een fa\u0163\u0103.<\/p><p>\u00a0<\/p><p><strong>Ce date cu caracter personal colect\u0103m?<\/strong><br \/>C\u00e2nd v\u0103 \u00eenregistra\u0163i la noi, colect\u0103m informa\u0163ii despre dvs., inclusiv numele dvs. complet, numele angajatorului dvs., rolul dvs. \u00een organiza\u0163ie, adresa dvs. de e-mail, precum \u015fi numerele dvs. de telefon (fix \u015fi mobil).<\/p><p>C\u00e2nd compania dvs. achizi\u0163ioneaz\u0103 produsele sau serviciile noastre, colect\u0103m informa\u0163ii despre reprezentan\u0163ii companiei client, persoanele de contact, membrii echipei de proiect \u015fi utilizatori. Informa\u0163iile colectate includ numele complet, numele angajatorului, rolul, adresa de serviciu, adresa de e-mail, numerele de telefon (fix \u015fi mobil) \u015fi num\u0103rul de fax. Acestea ne sunt furnizate direct de c\u0103tre dvs. sau de c\u0103tre organiza\u0163ia dvs.<\/p><p>\u00a0<\/p><p><strong>De ce prelucr\u0103m Datele dvs. cu caracter personal?<\/strong><br \/>Prelucr\u0103m datele cu caracter personal pe care le colect\u0103m din dou\u0103 motive principale: (1) pentru a ne conduce activitatea \u015fi a furniza produsele \u015fi serviciile pe care le oferim \u015fi (2) pentru a trimite comunic\u0103ri de marketing legate de produsele \u015fi serviciile noastre.<\/p><p>C\u00e2nd prelucr\u0103m datele dvs. cu caracter personal pentru a furniza produse \u015fi servicii, acestea sunt necesare pentru negocierea, \u00eencheierea \u015fi executarea contractului cu clien\u0163ii \u015fi \u00een scopurile intereselor legitime urm\u0103rite \u00een executarea unor astfel de contracte.<\/p><p>Prelucrarea efectuat\u0103 pentru desf\u0103\u015furarea activit\u0103\u0163ii noastre include:<\/p><ul><li>Stabilirea, men\u0163inerea \u015fi \u00eencheierea de contracte\/rela\u0163ii de business;<\/li><li>Personalizarea produselor \u015fi serviciilor disponibile \u00een conformitate cu cererile; actualizarea \u015fi \u00eembun\u0103t\u0103\u0163irea produselor \u015fi serviciilor disponibile conform nevoilor clientului, dezvoltarea legal\u0103 \u015fi tehnic\u0103.<\/li><li>\u00cenregistrarea utilizatorilor \u00een sisteme, anume pentru produsele \u015fi serviciile disponibile;<\/li><li>Furnizarea de servicii de call center \u015fi asisten\u0163\u0103 tehnic\u0103 la distan\u0163\u0103; urm\u0103rirea num\u0103rului de apeluri \u015fi a con\u0163inutului acestora;<\/li><li>Contact\/comunicare;<\/li><li>P\u0103strarea \u015fi urm\u0103rirea \u00eenregistr\u0103rilor vizitatorilor;<\/li><li>Oferirea de servicii c\u0103tre clien\u0163i conform contractelor.<\/li><\/ul><p>\u00a0<\/p><p>C\u00e2nd prelucr\u0103m datele dvs. cu caracter personal pentru strategia noastr\u0103 de comunicare prin marketing, aceasta se bazeaz\u0103 pe interesul legitim de a ne promova produsele \u015fi serviciile. Astfel de activit\u0103\u0163i de marketing includ:<\/p><ul><li>Publicitate pentru produse, servicii \u015fi campanii noi sau existente; efectuarea de activit\u0103\u0163i de v\u00e2nzare \u015fi marketing;<\/li><li>Efectuarea de cercet\u0103ri de pia\u0163\u0103;<\/li><li>Ob\u0163inerea de statistici \u015fi analize ale utiliz\u0103rii produselor;<\/li><li>Contact\/comunicare, inclusiv prin platforme de socializare ter\u0163e;<\/li><li>Contactarea pentru sondaje privind satisfac\u0163ia clientului.<\/li><\/ul><p>\u00a0<\/p><p><strong>C\u0103tre cine \u015fi \u00een ce scopuri transfer\u0103m datele dvs. cu caracter personal?<\/strong><br \/>Nu vom partaja informa\u0163iile dvs. cu niciun alt ter\u0163 din afara organiza\u0163iei noastre, except\u00e2nd cazul c\u00e2nd acest lucru este impus de o obliga\u0163ie legal\u0103 sau c\u00e2nd este necesar pentru a executa contractul \u00eencheiat cu dvs. Pentru orice alt transfer c\u0103tre ter\u0163i, v\u0103 vom cere mai \u00eent\u00e2i consim\u0163\u0103m\u00e2ntul.<\/p><p>Datele dvs. cu caracter personal pot fi transferate c\u0103tre urm\u0103torii ter\u0163i, afla\u0163i \u00een UE sau \u00een str\u0103in\u0103tate: firme de audit (\u00een baza solicit\u0103rilor legale), consultan\u0163i, autorit\u0103\u0163i juridice sau autorit\u0103\u0163i publice, reselleri, companii care furnizeaz\u0103 servicii, furnizori, ac\u0163ionari \u015fi alte companii din grupul de logo.<\/p><p>\u00cen cazul \u00een care este luat \u00een considerare un transfer \u00een str\u0103in\u0103tate, ne vom asigura c\u0103 se va face \u00eentr-o \u0163ar\u0103 care beneficiaz\u0103 de o decizie adecvat\u0103 emis\u0103 de Comisia European\u0103 sau, alternativ, pe baza unor clauze contractuale standard aprobate.<\/p><p>\u00a0<\/p><p><strong>De ce m\u0103suri de securitate dispunem?<\/strong><br \/>Ne angaj\u0103m s\u0103 v\u0103 protej\u0103m securitatea datelor cu caracter personal \u015fi s\u0103 \u00eempiedic\u0103m accesul neautorizat, utilizarea sau divulgarea lor, prin:<\/p><ul><li>Controlul accesului fizic \u00een sediile \u015fi loca\u0163iile noastre \u00een care p\u0103str\u0103m datele cu caracter personal<\/li><li>Utilizarea de metode tehnologice actualizate<\/li><li>Impunerea de politici solide de acces (parole complexe, reguli de tip firewall, autorizare granularizat\u0103 a accesului etc.)<\/li><li>Stocarea criptat\u0103 a datelor cu caracter personal<\/li><li>Monitorizarea continu\u0103 a sistemelor proprii<\/li><li>Actualizarea politicilor<\/li><li>Instruirea \u015fi informarea angaja\u0163ilor \u015fi ter\u0163ilor<\/li><li>Asigurarea transferului securizat de date<\/li><li>Limitarea accesului la loca\u0163iile sensibile (at\u00e2t fizic, c\u00e2t \u015fi logic)<\/li><\/ul><p>\u00a0<\/p><p><strong>Care sunt drepturile dvs. ca Persoan\u0103 vizat\u0103?<\/strong><br \/>Ca Persoan\u0103 vizat\u0103, conform RGPD, ave\u0163i o serie de drepturi privind Datele dvs. cu caracter personal, iar HoloChat, ca operator de date, este angajat \u00een respectarea confiden\u0163ialit\u0103\u0163ii dvs. \u015fi \u00een garantarea acestor drepturi.<\/p><ul><li>Dreptul la acces \u2013 ave\u0163i dreptul de a ob\u0163ine confirmarea faptului c\u0103 HoloChat prelucreaz\u0103 datele dvs. cu caracter personal \u015fi ave\u0163i dreptul de a accesa aceste date. De asemenea, pute\u0163i solicita informa\u0163ii despre: scopul prelucr\u0103rii; categoriile de date cu caracter personal prelucrate; c\u0103tre cine, \u00een afar\u0103 de HoloChat, este posibil s\u0103 fi fost trimise datele; care a fost sursa informa\u0163iilor (dac\u0103 nu a\u0163i furnizat datele direct c\u0103tre HoloChat) \u015fi c\u00e2t timp vor fi p\u0103strate.<\/li><li>Dreptul la rectificare \u2013 ave\u0163i dreptul s\u0103 solicita\u0163i rectificarea sau corectarea datelor dvs. cu caracter personal, dac\u0103 acestea sunt incorecte. \u00cen acela\u015fi timp, dac\u0103 \u00eenregistr\u0103rile noastre nu sunt complete \u015fi sunt necesare date suplimentare pentru prelucrare, ave\u0163i dreptul s\u0103 v\u0103 completa\u0163i datele cu caracter personal.<\/li><li>Dreptul la \u015ftergere (dreptul de a fi uitat) \u2013 dac\u0103 nu exist\u0103 niciun motiv obligatoriu pentru prelucrarea continu\u0103, ave\u0163i dreptul de a ob\u0163ine \u015ftergerea sau eliminarea datelor dvs. cu caracter personal din bazele noastre de date. Re\u0163ine\u0163i c\u0103 acesta nu este un drept absolut, iar HoloChat \u00ee\u015fi rezerv\u0103 dreptul s\u0103-l limiteze la cazurile furnizate \u00een cadrul RGPD (de exemplu, dac\u0103 datele nu mai sunt necesare \u00een corela\u0163ie cu scopurile pentru care au fost colectate, dac\u0103 a\u0163i ales s\u0103 v\u0103 opune\u0163i prelucr\u0103rii datelor dvs. cu caracter personal sau dac\u0103 prelucrarea este ilegal\u0103).<\/li><li>Dreptul la restric\u0163ionarea prelucr\u0103rii \u2013 ave\u0163i dreptul de a solicita restric\u0163ionarea prelucr\u0103rii datelor dvs. cu caracter personal pentru perioada necesar\u0103 pentru verificarea acurate\u0163ei acestora, dac\u0103 obiecta\u0163i \u00een ce prive\u015fte prelucrarea ulterioar\u0103, pe baza interesului legitim, sau dac\u0103 dori\u0163i s\u0103 bloca\u0163i datele \u00een contextul exercit\u0103rii sau ap\u0103r\u0103rii unei revendic\u0103ri juridice. \u00cen acela\u015fi timp, pute\u0163i solicita blocarea datelor dvs. \u00een cazul prelucr\u0103rii ilegale, \u00een cazul \u00een care nu dori\u0163i \u015ftergerea acestora.<\/li><li>Dreptul la portabilitatea datelor \u2013 c\u00e2nd v\u0103 prelucr\u0103m datele pentru executarea unui contract sau pe baza consim\u0163\u0103m\u00e2ntului dvs., pute\u0163i solicita ca datele pe care ni le-a\u0163i furnizat s\u0103 v\u0103 fie furnizate, dvs. sau unei alte organiza\u0163ii, \u00eentr-o form\u0103 structurat\u0103 \u015fi care poate fi citit\u0103 automat.<\/li><li>Dreptul de a se opune \u2013 ave\u0163i dreptul de a v\u0103 opune, \u00een orice moment, prelucr\u0103rii datelor dvs. \u00een scopuri de marketing. Pentru prelucr\u0103ri \u00een alte scopuri dec\u00e2t cele de marketing, ave\u0163i \u00een continuare dreptul de a v\u0103 opune, dar este posibil ca obliga\u0163iile legale ale HoloChat s\u0103 prevaleze, la fel ca \u015fi interesul legitim preeminent al acestuia de a continua prelucrarea unor astfel de date, inclusiv \u00een cazul exercit\u0103rii sau ap\u0103r\u0103rii unei prevederi juridice.<\/li><li>Dreptul la retragerea consim\u0163\u0103m\u00e2ntului \u2013 c\u00e2nd v\u0103 prelucr\u0103m datele pe baza consim\u0163\u0103m\u00e2ntului dvs., ave\u0163i dreptul de a v\u0103 retrage acest consim\u0163\u0103m\u00e2nt \u00een orice moment.<\/li><\/ul><p>\u00a0<\/p><p>V\u0103 pute\u0163i exercita drepturile trimi\u0163\u00e2nd o solicitare la adresa <a href=\"mailto:hello@holochat.eu\">hello@holochat.eu<\/a>. Ne rezerv\u0103m dreptul de a v\u0103 contacta, pentru a ne asigura c\u0103 solicitarea provine \u00eentr-adev\u0103r de la dvs.<\/p><p>R\u0103spunsul la solicit\u0103rile dvs. nu implic\u0103 niciun cost, cu excep\u0163ia cazului \u00een care solicit\u0103rile sunt nefondate, repetitive sau excesive, caz \u00een care v\u0103 putem solicita o tax\u0103 bazat\u0103 pe costurile administrative referitoare la solicitarea dvs.<\/p><p>Solicit\u0103rile dvs. vor primi r\u0103spuns \u00een cel mai scurt timp posibil, \u00een func\u0163ie de natura solicit\u0103rii \u015fi \u00een maxim treizeci de zile, cu excep\u0163ia cazului \u00een care suntem nevoi\u0163i s\u0103 prelungim acest termen, lu\u00e2nd \u00een considerare complexitatea solicit\u0103rii \u015fi\/sau num\u0103rul de solicit\u0103ri.<\/p><p>\u00cen cursul unei aplica\u0163ii, \u00een eventualitatea partaj\u0103rii de informa\u0163ii incomplete sau incorecte sau \u00een cazul \u00een care solicitarea nu este exprimat\u0103 clar, este posibil s\u0103 \u00eent\u00e2mpin\u0103m dificult\u0103\u0163i \u00een rezolvarea solicit\u0103rilor dvs., ceea ce poate conduce la \u00eent\u00e2rzieri \u00een procesul de investigare. Compania noastr\u0103 \u00ee\u015fi rezerv\u0103 toate drepturile legale \u00een cazul unor aplica\u0163ii incorecte, contrare faptelor\/legilor sau r\u0103u inten\u0163ionate.<\/p><p>\u00cen cazul \u00een care considera\u0163i c\u0103 datele dvs. cu caracter personal sunt utilizate eronat sau c\u0103 prelucrarea lor de c\u0103tre HoloChat contravine RGPD, v\u0103 rug\u0103m s\u0103 informa\u0163i RPD la adresa <a href=\"mailto:hello@holochat.eu\">hello@holochat.eu<\/a> despre problemele privind prelucrarea datelor dvs. \u015fi s\u0103-i solicita\u0163i s\u0103 ia m\u0103surile corespunz\u0103toare. Dac\u0103 problema nu poate fi rezolvat\u0103 \u00een acest mod, pute\u0163i \u00eenainta o pl\u00e2ngere c\u0103tre autoritatea na\u0163ional\u0103 de supraveghere, al c\u0103rei contact poate fi g\u0103sit pe site-ul s\u0103u web, <a href=\"http:\/\/www.dataprotection.ro\/\">www.dataprotection.ro<\/a>.<\/p><p>\u00a0<\/p><p><strong>Politica general\u0103 de protec\u021bie a datelor cu caracter personal<\/strong><br \/>Pute\u021bi consulta Politica general\u0103 de protec\u021bie a datelor cu caracter personal.<\/p><p><strong><br \/>Utilizarea site-ului nostru web<\/strong><br \/>La fel ca majoritatea site-urilor, site-ul web HoloChat colecteaz\u0103 automat anumite informa\u0163ii \u015fi le stocheaz\u0103 \u00een fi\u015fiere jurnal. Informa\u0163iile pot include adrese de protocol internet (IP), regiunea sau loca\u0163ia general\u0103 de unde calculatorul sau dispozitivul dvs. acceseaz\u0103 internetul, tipul de browser, sistemul de operare \u015fi alte informa\u0163ii despre utilizarea site-ului web HoloChat, inclusiv un istoric al paginilor pe care le vizualiza\u0163i. Aceste informa\u0163ii sunt utilizate pentru o mai bun\u0103 proiectare a site-ului nostru \u00een concordan\u0163\u0103 cu nevoile utilizatorilor. De asemenea, v\u0103 putem utiliza adresa IP pentru asisten\u0163\u0103 \u00een diagnosticarea problemelor cu serverul nostru \u015fi pentru administrarea site-ului nostru web, analizarea tendin\u0163elor, urm\u0103rirea vizitelor pe paginile noastre web \u015fi colectarea de informa\u0163ii demografice generale care ne ajut\u0103 \u00een identificarea preferin\u0163elor vizitatorilor.<\/p><p>Site-ul web HoloChat utilizeaz\u0103, de asemenea, cookie-uri \u015fi alte tehnologii similare. Acestea ne permit s\u0103 v\u0103 stoc\u0103m preferin\u0163ele, s\u0103 v\u0103 oferim op\u0163iuni la conectarea la platformele noastre online, s\u0103 v\u0103 livr\u0103m publicitate prin intermediul partenerilor no\u015ftri pe baza intereselor dvs. \u015fi, de asemenea, s\u0103 analiz\u0103m modul \u00een care func\u0163ioneaz\u0103 site-ul web \u015fi platformele noastre.<\/p>\t\t\t\t\t\t<\/div>\n\t\t\t\t<\/div>\n\t\t\t\t\t<\/div>\n\t\t<\/div>\n\t\t\t\t\t<\/div>\n\t\t<\/section>\n\t\t\t\t<\/div>\n\t\t","protected":false},"excerpt":{"rendered":"<p>Politica de confiden\u021bialitate NOTIFICARE PRIVIND PRELUCRAREA DATELOR CU CARACTER PERSONAL \u00a0 Despre aceast\u0103 notificare privind confiden\u0163ialitateaPrezenta Notificare despre confiden\u0163ialitate se va aplica din data de 25 mai 2018, c\u00e2nd Regulamentul general privind protec\u0163ia datelor (\u201eRGPD\u201d), destinat unific\u0103rii \u015fi consolid\u0103rii protec\u0163iei datelor \u00een \u00eentreaga Uniune European\u0103, va intra \u00een vigoare. \u00cen prezent, HoloChat se preg\u0103te\u015fte pentru [&hellip;]<\/p>\n","protected":false},"author":1,"featured_media":0,"parent":0,"menu_order":0,"comment_status":"closed","ping_status":"closed","template":"","meta":{"footnotes":""},"class_list":["post-1856","page","type-page","status-publish","hentry"],"_links":{"self":[{"href":"https:\/\/holochat.eu\/en\/wp-json\/wp\/v2\/pages\/1856","targetHints":{"allow":["GET"]}}],"collection":[{"href":"https:\/\/holochat.eu\/en\/wp-json\/wp\/v2\/pages"}],"about":[{"href":"https:\/\/holochat.eu\/en\/wp-json\/wp\/v2\/types\/page"}],"author":[{"embeddable":true,"href":"https:\/\/holochat.eu\/en\/wp-json\/wp\/v2\/users\/1"}],"replies":[{"embeddable":true,"href":"https:\/\/holochat.eu\/en\/wp-json\/wp\/v2\/comments?post=1856"}],"version-history":[{"count":22,"href":"https:\/\/holochat.eu\/en\/wp-json\/wp\/v2\/pages\/1856\/revisions"}],"predecessor-version":[{"id":2112,"href":"https:\/\/holochat.eu\/en\/wp-json\/wp\/v2\/pages\/1856\/revisions\/2112"}],"wp:attachment":[{"href":"https:\/\/holochat.eu\/en\/wp-json\/wp\/v2\/media?parent=1856"}],"curies":[{"name":"wp","href":"https:\/\/api.w.org\/{rel}","templated":true}]}}