{"id":1855,"date":"2025-02-15T22:08:37","date_gmt":"2025-02-15T22:08:37","guid":{"rendered":"http:\/\/holochat.eu\/?page_id=1855"},"modified":"2025-02-21T20:20:41","modified_gmt":"2025-02-21T20:20:41","slug":"termeni-si-conditii","status":"publish","type":"page","link":"https:\/\/holochat.eu\/en\/termeni-si-conditii\/","title":{"rendered":"Terms and Conditions"},"content":{"rendered":"\t\t<div data-elementor-type=\"wp-page\" data-elementor-id=\"1855\" class=\"elementor elementor-1855\" data-elementor-post-type=\"page\">\n\t\t\t\t\t\t<section class=\"elementor-section elementor-top-section elementor-element elementor-element-ed69f4b elementor-section-boxed elementor-section-height-default elementor-section-height-default\" data-id=\"ed69f4b\" data-element_type=\"section\" data-settings=\"{&quot;background_background&quot;:&quot;gradient&quot;}\">\n\t\t\t\t\t\t\t<div class=\"elementor-background-overlay\"><\/div>\n\t\t\t\t\t\t\t<div class=\"elementor-container elementor-column-gap-default\">\n\t\t\t\t\t<div class=\"elementor-column elementor-col-100 elementor-top-column elementor-element elementor-element-8820fc9\" data-id=\"8820fc9\" data-element_type=\"column\">\n\t\t\t<div class=\"elementor-widget-wrap elementor-element-populated\">\n\t\t\t\t\t\t<div class=\"elementor-element elementor-element-83b0ebc elementor-invisible elementor-widget elementor-widget-heading\" data-id=\"83b0ebc\" data-element_type=\"widget\" data-settings=\"{&quot;_animation&quot;:&quot;bounceInDown&quot;}\" data-widget_type=\"heading.default\">\n\t\t\t\t<div class=\"elementor-widget-container\">\n\t\t\t<style>\/*! elementor - v3.19.0 - 07-02-2024 *\/\n.elementor-heading-title{padding:0;margin:0;line-height:1}.elementor-widget-heading .elementor-heading-title[class*=elementor-size-]>a{color:inherit;font-size:inherit;line-height:inherit}.elementor-widget-heading .elementor-heading-title.elementor-size-small{font-size:15px}.elementor-widget-heading .elementor-heading-title.elementor-size-medium{font-size:19px}.elementor-widget-heading .elementor-heading-title.elementor-size-large{font-size:29px}.elementor-widget-heading .elementor-heading-title.elementor-size-xl{font-size:39px}.elementor-widget-heading .elementor-heading-title.elementor-size-xxl{font-size:59px}<\/style><h1 class=\"elementor-heading-title elementor-size-default\">Termeni \u0219i condi\u021bii\n<\/h1>\t\t<\/div>\n\t\t\t\t<\/div>\n\t\t\t\t\t<\/div>\n\t\t<\/div>\n\t\t\t\t\t<\/div>\n\t\t<\/section>\n\t\t\t\t<section class=\"elementor-section elementor-top-section elementor-element elementor-element-4ce14ab elementor-section-boxed elementor-section-height-default elementor-section-height-default\" data-id=\"4ce14ab\" data-element_type=\"section\">\n\t\t\t\t\t\t<div class=\"elementor-container elementor-column-gap-default\">\n\t\t\t\t\t<div class=\"elementor-column elementor-col-100 elementor-top-column elementor-element elementor-element-d130e01\" data-id=\"d130e01\" data-element_type=\"column\" data-settings=\"{&quot;background_background&quot;:&quot;classic&quot;,&quot;animation&quot;:&quot;none&quot;}\">\n\t\t\t<div class=\"elementor-widget-wrap elementor-element-populated\">\n\t\t\t\t\t<div class=\"elementor-background-overlay\"><\/div>\n\t\t\t\t\t\t<div class=\"elementor-element elementor-element-5789e6b elementor-widget elementor-widget-text-editor\" data-id=\"5789e6b\" data-element_type=\"widget\" data-widget_type=\"text-editor.default\">\n\t\t\t\t<div class=\"elementor-widget-container\">\n\t\t\t<style>\/*! elementor - v3.19.0 - 07-02-2024 *\/\n.elementor-widget-text-editor.elementor-drop-cap-view-stacked .elementor-drop-cap{background-color:#69727d;color:#fff}.elementor-widget-text-editor.elementor-drop-cap-view-framed .elementor-drop-cap{color:#69727d;border:3px solid;background-color:transparent}.elementor-widget-text-editor:not(.elementor-drop-cap-view-default) .elementor-drop-cap{margin-top:8px}.elementor-widget-text-editor:not(.elementor-drop-cap-view-default) .elementor-drop-cap-letter{width:1em;height:1em}.elementor-widget-text-editor .elementor-drop-cap{float:left;text-align:center;line-height:1;font-size:50px}.elementor-widget-text-editor .elementor-drop-cap-letter{display:inline-block}<\/style>\t\t\t\t<p><strong>Informa\u021bii despre site-ul nostru<\/strong><br \/>HoloChat S.R.L, de\u021bine site-ul www.holochat.eu (denumit ca si \u201eSite-ul\u201d).<\/p><p>Site-ul v\u0103 permite dumneavoastr\u0103 (\u201eDvs.\u201d) s\u0103 g\u0103si\u021bi informa\u021bii, \u0219tiri \u0219i s\u0103 v\u0103 documenta\u021bi cu privire la serviciile si produsele HoloChat.<\/p><p>\u00a0<\/p><p><strong>Acord<\/strong><br \/>Prin utilizarea Site-ului nostru, sunte\u021bi de acord cu aceste Condi\u021bii de Utilizare. Declara\u021bi si garanta\u021bi c\u0103 de\u021bine\u021bi dreptul legal, capacitatea si abilitatea de a agrea Condi\u021biile de Utilizare. \u00cen cazul \u00een care nu sunte\u021bi de acord cu orice parte din aceste Condi\u021bii de Utilizare, v\u0103 rug\u0103m s\u0103 nu folosi\u021bi Site-ul.<\/p><p>Ne rezerv\u0103m dreptul de a actualiza si modifica Condi\u021biile de Utilizare \u00een orice moment, prin publicarea ultimei versiuni pe Site. Verifica\u021bi Condi\u021biile de Utilizare publicate \u00een mod periodic. Dac\u0103 folosi\u021bi Site-ul dup\u0103 ce a fost publicat\u0103 o versiune modificat\u0103 a Condi\u021biilor de Utilizare, se consider\u0103 ca Dvs. a\u021bi acceptat respectiva versiune modificat\u0103 a Condi\u021biilor de Utilizare.<\/p><p>\u00a0<\/p><p><strong>Notificare privind drepturile de proprietate intelectual\u0103<\/strong><br \/>Textul, grafica, fotografiile, m\u0103rcile comerciale, logo-urile si codurile (\u00eempreun\u0103 \u201eCon\u021binutul\u201d), incluz\u00e2nd dar f\u0103r\u0103 a se limita la design, structur\u0103, selec\u021bie, coordonare, exprimare si aranjarea Con\u021binutului, care sunt disponibile pe Site, apar\u021bin sau sunt licen\u021biate c\u0103tre HoloChat. Toate drepturile sunt rezervate.<\/p><p>Orice redistribuire sau reproducere, \u00een tot sau \u00een parte, a Site-ului sau a Con\u021binutului, sub orice form\u0103, cu excep\u021bia imprim\u0103rii de extrase pentru uz personal \u0219i necomercial, este interzis\u0103.<\/p><p>\u00a0<\/p><p><strong>Confiden\u021bialitate<\/strong><br \/>C\u00e2nd v\u0103 \u00eenregistra\u021bi pe Site pentru a primi newsletter-ul nostru sau \u00een orice alt scop, colect\u0103m informa\u021bii despre Dvs., cum ar fi numele si adresa de email.<\/p><p>Politica HoloChat privind protec\u021bia datelor cu caracter personal se aplic\u0103 colect\u0103rii acestor date, precum si utiliz\u0103rii Site-ului \u00een general. Politica HoloChat privind protec\u021bia datelor cu caracter personal este considerat\u0103 ca f\u0103c\u00e2nd parte din aceste Condi\u021bii de Utilizare, este inclus\u0103 \u00een Politica de Confiden\u021bialitate \u0219i o pute\u021bi accesa <a href=\"\/politica-de-confidentialitate\">ap\u0103s\u00e2nd aici<\/a>.<\/p><p>\u00a0<\/p><p><strong>Limit\u0103rile Site-ului<\/strong><br \/>Facem toate eforturile comerciale rezonabile pentru a men\u021bine Site-ul func\u021bional si optim. Cu toate acestea, nu suntem r\u0103spunz\u0103tori dac\u0103 Site-ul este temporar indisponibil din cauza unor probleme tehnice care nu se afl\u0103 sub controlul nostru.<\/p><p>\u00a0<\/p><p><strong>Exonerare de r\u0103spundere. Limit\u0103rile r\u0103spunderii<\/strong><br \/>Confirma\u021bi \u0219i sunte\u021bi de acord c\u0103: (i) utiliza\u021bi Site-ul pe r\u0103spunderea Dvs.; (ii) Site-ul poate con\u021bine link-uri c\u0103tre alte pagini web, care sunt inserate doar pentru a v\u0103 facilita navigarea \u0219i nu implic\u0103 aprobarea, investigarea sau verificarea de c\u0103tre noi a respectivelor pagini web sau a informa\u021biilor disponibile pe aceste pagini; (iii) Site-ul este furnizat \u201eca atare\u201d si \u201econform disponibilit\u0103\u021bii\u201d.<\/p><p>Nici noi, nici ter\u021bii, nu garant\u0103m acurate\u021bea, caracterul complet sau oportunitatea informa\u021biilor si materialelor g\u0103site sau oferite pe Site pentru un anumit rezultat. Nu suntem r\u0103spunz\u0103tori pentru niciun fel de inexactitate sau eroare. Utilizarea de c\u0103tre Dvs. a informa\u021biilor sau materialelor de pe acest Site se face pe riscul Dvs. \u0219i este responsabilitatea Dvs. de a verifica dac\u0103 informa\u021biile disponibile \u00eendeplinesc cerin\u021bele Dvs.<\/p><p>\u00a0<\/p><p><strong>\u00cencetare<\/strong><br \/>Sunte\u021bi de acord c\u0103 HoloChat poate, la discre\u021bia sa, s\u0103 refuze, s\u0103 suspende sau s\u0103 anuleze accesul Dvs. la Site, f\u0103r\u0103 notificare prealabil\u0103.<\/p><p>\u00a0<\/p><p><strong>Legea aplicabil\u0103<\/strong><br \/>Aceste Condi\u021bii de Utilizare \u0219i orice litigiu care ar putea decurge din utilizarea Site-ului sunt guvernate de legea rom\u00e2n\u0103.<\/p><p>\u00a0<\/p><p><strong>Contact<\/strong><br \/>Pentru informa\u021bii referitoare la cum ne pute\u021bi contacta, va rugam s\u0103 accesa\u021bi pagina de contact ap\u0103s\u00e2nd\u00a0<a href=\"\/contact\/\">aici<\/a>.<\/p>\t\t\t\t\t\t<\/div>\n\t\t\t\t<\/div>\n\t\t\t\t\t<\/div>\n\t\t<\/div>\n\t\t\t\t\t<\/div>\n\t\t<\/section>\n\t\t\t\t<\/div>\n\t\t","protected":false},"excerpt":{"rendered":"<p>Termeni \u0219i condi\u021bii Informa\u021bii despre site-ul nostruHoloChat S.R.L, de\u021bine site-ul www.holochat.eu (denumit ca si \u201eSite-ul\u201d). Site-ul v\u0103 permite dumneavoastr\u0103 (\u201eDvs.\u201d) s\u0103 g\u0103si\u021bi informa\u021bii, \u0219tiri \u0219i s\u0103 v\u0103 documenta\u021bi cu privire la serviciile si produsele HoloChat. \u00a0 AcordPrin utilizarea Site-ului nostru, sunte\u021bi de acord cu aceste Condi\u021bii de Utilizare. Declara\u021bi si garanta\u021bi c\u0103 de\u021bine\u021bi dreptul legal, [&hellip;]<\/p>\n","protected":false},"author":1,"featured_media":0,"parent":0,"menu_order":0,"comment_status":"closed","ping_status":"closed","template":"","meta":{"footnotes":""},"class_list":["post-1855","page","type-page","status-publish","hentry"],"_links":{"self":[{"href":"https:\/\/holochat.eu\/en\/wp-json\/wp\/v2\/pages\/1855","targetHints":{"allow":["GET"]}}],"collection":[{"href":"https:\/\/holochat.eu\/en\/wp-json\/wp\/v2\/pages"}],"about":[{"href":"https:\/\/holochat.eu\/en\/wp-json\/wp\/v2\/types\/page"}],"author":[{"embeddable":true,"href":"https:\/\/holochat.eu\/en\/wp-json\/wp\/v2\/users\/1"}],"replies":[{"embeddable":true,"href":"https:\/\/holochat.eu\/en\/wp-json\/wp\/v2\/comments?post=1855"}],"version-history":[{"count":19,"href":"https:\/\/holochat.eu\/en\/wp-json\/wp\/v2\/pages\/1855\/revisions"}],"predecessor-version":[{"id":2086,"href":"https:\/\/holochat.eu\/en\/wp-json\/wp\/v2\/pages\/1855\/revisions\/2086"}],"wp:attachment":[{"href":"https:\/\/holochat.eu\/en\/wp-json\/wp\/v2\/media?parent=1855"}],"curies":[{"name":"wp","href":"https:\/\/api.w.org\/{rel}","templated":true}]}}